{"id":4743,"date":"2020-04-11T16:39:26","date_gmt":"2020-04-11T14:39:26","guid":{"rendered":"https:\/\/www.enotecaenos.com\/?post_type=product&#038;p=4743"},"modified":"2025-08-28T14:32:43","modified_gmt":"2025-08-28T12:32:43","slug":"vosne-romanee-2013","status":"publish","type":"product","link":"https:\/\/www.enotecaenos.com\/de\/prodotto\/vosne-romanee-2013\/","title":{"rendered":"Vosne Roman\u00e9e 2013"},"content":{"rendered":"<p>Tipologia: Vini Rossi<\/p>\n<p>Categoria: Grandi Vini<\/p>\n<p>Regione: Borgogna<\/p>\n<p>Produttore: George Noellat<\/p>\n<p>Nome: Vosne Roman\u00e9e<\/p>\n<p>Annata: 2013<\/p>\n<p>Denominazione: Vosne Roman\u00e9e Apellattion Control\u00e9e<\/p>\n<p>Vitigno: Pinot nero 100%<\/p>\n<p>Vol%: 13<\/p>\n<p>Formato: 0,75l<\/p>\n","protected":false},"excerpt":{"rendered":"<p>Tipologia: Vini Rossi Categoria: Grandi Vini Regione: Borgogna Produttore: George Noellat Nome: Vosne Roman\u00e9e Annata: 2013 Denominazione: Vosne Roman\u00e9e Apellattion Control\u00e9e Vitigno: Pinot nero 100% Vol%: 13 Formato: 0,75l<\/p>\n","protected":false},"featured_media":4744,"template":"","meta":[],"product_cat":[72],"product_tag":[393,122,369,407,395,406],"_links":{"self":[{"href":"https:\/\/www.enotecaenos.com\/de\/wp-json\/wp\/v2\/product\/4743"}],"collection":[{"href":"https:\/\/www.enotecaenos.com\/de\/wp-json\/wp\/v2\/product"}],"about":[{"href":"https:\/\/www.enotecaenos.com\/de\/wp-json\/wp\/v2\/types\/product"}],"wp:featuredmedia":[{"embeddable":true,"href":"https:\/\/www.enotecaenos.com\/de\/wp-json\/wp\/v2\/media\/4744"}],"wp:attachment":[{"href":"https:\/\/www.enotecaenos.com\/de\/wp-json\/wp\/v2\/media?parent=4743"}],"wp:term":[{"taxonomy":"product_cat","embeddable":true,"href":"https:\/\/www.enotecaenos.com\/de\/wp-json\/wp\/v2\/product_cat?post=4743"},{"taxonomy":"product_tag","embeddable":true,"href":"https:\/\/www.enotecaenos.com\/de\/wp-json\/wp\/v2\/product_tag?post=4743"}],"curies":[{"name":"wp","href":"https:\/\/api.w.org\/{rel}","templated":true}]}}