{"id":3546,"date":"2020-03-30T17:46:27","date_gmt":"2020-03-30T15:46:27","guid":{"rendered":"http:\/\/www.enotecaenos.com\/?post_type=product&#038;p=3546"},"modified":"2025-08-28T14:55:31","modified_gmt":"2025-08-28T12:55:31","slug":"rose-brut-cuvee-prestige","status":"publish","type":"product","link":"https:\/\/www.enotecaenos.com\/de\/prodotto\/rose-brut-cuvee-prestige\/","title":{"rendered":"Ros\u00e8 Brut Cuv\u00e9e Prestige"},"content":{"rendered":"<p>Tipologia: Bollicine<\/p>\n<p>Categoria: Franciacorta<\/p>\n<p>Regione: Lombardia<\/p>\n<p>Produttore: Ca\u2019 del Bosco<\/p>\n<p>Nome: Ros\u00e8 Brut Cuv\u00e9e Prestige<\/p>\n<p>Annata: s.a.<\/p>\n<p>Denominazione: Franciacorta Brut Ros\u00e8 d.o.c.g<\/p>\n<p>Vitigno: Pinot Nero e Chardonnay<\/p>\n<p>Vol%: 12,50<\/p>\n<p>Formato: 0,75<\/p>\n","protected":false},"excerpt":{"rendered":"<p>Tipologia: Bollicine Categoria: Franciacorta Regione: Lombardia Produttore: Ca\u2019 del Bosco Nome: Ros\u00e8 Brut Cuv\u00e9e Prestige Annata: s.a. Denominazione: Franciacorta Brut Ros\u00e8 d.o.c.g Vitigno: Pinot Nero e Chardonnay Vol%: 12,50 Formato:&#8230;<\/p>\n","protected":false},"featured_media":3748,"template":"","meta":[],"product_cat":[96],"product_tag":[92,100,99,101],"_links":{"self":[{"href":"https:\/\/www.enotecaenos.com\/de\/wp-json\/wp\/v2\/product\/3546"}],"collection":[{"href":"https:\/\/www.enotecaenos.com\/de\/wp-json\/wp\/v2\/product"}],"about":[{"href":"https:\/\/www.enotecaenos.com\/de\/wp-json\/wp\/v2\/types\/product"}],"wp:featuredmedia":[{"embeddable":true,"href":"https:\/\/www.enotecaenos.com\/de\/wp-json\/wp\/v2\/media\/3748"}],"wp:attachment":[{"href":"https:\/\/www.enotecaenos.com\/de\/wp-json\/wp\/v2\/media?parent=3546"}],"wp:term":[{"taxonomy":"product_cat","embeddable":true,"href":"https:\/\/www.enotecaenos.com\/de\/wp-json\/wp\/v2\/product_cat?post=3546"},{"taxonomy":"product_tag","embeddable":true,"href":"https:\/\/www.enotecaenos.com\/de\/wp-json\/wp\/v2\/product_tag?post=3546"}],"curies":[{"name":"wp","href":"https:\/\/api.w.org\/{rel}","templated":true}]}}